{"id":551,"date":"2022-07-02T04:24:16","date_gmt":"2022-07-02T04:24:16","guid":{"rendered":"https:\/\/photocan.makkomkt.com.br\/?page_id=551"},"modified":"2022-07-03T02:21:03","modified_gmt":"2022-07-03T02:21:03","slug":"sobre","status":"publish","type":"page","link":"https:\/\/photocan.makkomkt.com.br\/index.php\/sobre\/","title":{"rendered":"SOBRE"},"content":{"rendered":"\t\t<div data-elementor-type=\"wp-page\" data-elementor-id=\"551\" class=\"elementor elementor-551\" data-elementor-post-type=\"page\">\n\t\t\t\t\t\t<section class=\"elementor-section elementor-top-section elementor-element elementor-element-a6c8717 elementor-section-full_width elementor-section-height-min-height elementor-section-items-stretch elementor-section-height-default\" data-id=\"a6c8717\" data-element_type=\"section\" data-settings=\"{&quot;background_background&quot;:&quot;classic&quot;,&quot;background_motion_fx_motion_fx_scrolling&quot;:&quot;yes&quot;,&quot;background_motion_fx_opacity_effect&quot;:&quot;yes&quot;,&quot;background_motion_fx_opacity_level&quot;:{&quot;unit&quot;:&quot;px&quot;,&quot;size&quot;:7.8,&quot;sizes&quot;:[]},&quot;background_motion_fx_opacity_range&quot;:{&quot;unit&quot;:&quot;%&quot;,&quot;size&quot;:&quot;&quot;,&quot;sizes&quot;:{&quot;start&quot;:20,&quot;end&quot;:60}},&quot;background_motion_fx_range&quot;:&quot;page&quot;,&quot;shape_divider_bottom&quot;:&quot;opacity-fan&quot;,&quot;background_motion_fx_opacity_direction&quot;:&quot;out-in&quot;,&quot;background_motion_fx_devices&quot;:[&quot;desktop&quot;,&quot;tablet&quot;,&quot;mobile&quot;]}\">\n\t\t\t\t\t\t\t<div class=\"elementor-background-overlay\"><\/div>\n\t\t\t\t\t\t<div class=\"elementor-shape elementor-shape-bottom\" aria-hidden=\"true\" data-negative=\"false\">\n\t\t\t<svg xmlns=\"http:\/\/www.w3.org\/2000\/svg\" viewBox=\"0 0 283.5 19.6\" preserveAspectRatio=\"none\">\n\t<path class=\"elementor-shape-fill\" style=\"opacity:0.33\" d=\"M0 0L0 18.8 141.8 4.1 283.5 18.8 283.5 0z\"\/>\n\t<path class=\"elementor-shape-fill\" style=\"opacity:0.33\" d=\"M0 0L0 12.6 141.8 4 283.5 12.6 283.5 0z\"\/>\n\t<path class=\"elementor-shape-fill\" style=\"opacity:0.33\" d=\"M0 0L0 6.4 141.8 4 283.5 6.4 283.5 0z\"\/>\n\t<path class=\"elementor-shape-fill\" d=\"M0 0L0 1.2 141.8 4 283.5 1.2 283.5 0z\"\/>\n<\/svg>\t\t<\/div>\n\t\t\t\t\t<div class=\"elementor-container elementor-column-gap-no\">\n\t\t\t\t\t<div class=\"elementor-column elementor-col-100 elementor-top-column elementor-element elementor-element-51d2403\" data-id=\"51d2403\" data-element_type=\"column\">\n\t\t\t<div class=\"elementor-widget-wrap\">\n\t\t\t\t\t\t\t<\/div>\n\t\t<\/div>\n\t\t\t\t\t<\/div>\n\t\t<\/section>\n\t\t\t\t<section class=\"elementor-section elementor-top-section elementor-element elementor-element-18428c1 elementor-section-boxed elementor-section-height-default elementor-section-height-default\" data-id=\"18428c1\" data-element_type=\"section\">\n\t\t\t\t\t\t<div class=\"elementor-container elementor-column-gap-default\">\n\t\t\t\t\t<div class=\"elementor-column elementor-col-33 elementor-top-column elementor-element elementor-element-8e01c5b\" data-id=\"8e01c5b\" data-element_type=\"column\">\n\t\t\t<div class=\"elementor-widget-wrap elementor-element-populated\">\n\t\t\t\t\t\t<div class=\"elementor-element elementor-element-7d006bc elementor-widget-divider--view-line elementor-widget elementor-widget-divider\" data-id=\"7d006bc\" data-element_type=\"widget\" data-widget_type=\"divider.default\">\n\t\t\t\t<div class=\"elementor-widget-container\">\n\t\t\t\t\t\t\t<div class=\"elementor-divider\">\n\t\t\t<span class=\"elementor-divider-separator\">\n\t\t\t\t\t\t<\/span>\n\t\t<\/div>\n\t\t\t\t\t\t<\/div>\n\t\t\t\t<\/div>\n\t\t\t\t\t<\/div>\n\t\t<\/div>\n\t\t\t\t<div class=\"elementor-column elementor-col-33 elementor-top-column elementor-element elementor-element-823d0a2\" data-id=\"823d0a2\" data-element_type=\"column\">\n\t\t\t<div class=\"elementor-widget-wrap elementor-element-populated\">\n\t\t\t\t\t\t<div class=\"elementor-element elementor-element-5d32f11 elementor-widget elementor-widget-text-editor\" data-id=\"5d32f11\" data-element_type=\"widget\" data-widget_type=\"text-editor.default\">\n\t\t\t\t<div class=\"elementor-widget-container\">\n\t\t\t\t\t\t\t\t\t<h6><span style=\"color: #824845;\">Chamo-me Joel Santos, nascido em S\u00e3o Paulo em 1988 de fam\u00edlia simples e de cria\u00e7\u00e3o Crist\u00e3 protestante. Desde crian\u00e7a j\u00e1 envolvido com a arte desenhando quadrinhos e estudando m\u00fasica. Aos 17 anos me inscrevi para o servi\u00e7o militar nas fileiras do Ex\u00e9rcito Brasileiro &#8220;uma fase chave para o amadurecimento e aprendizado de todo jovem maior de idade&#8221;.<\/span><\/h6><div>Durante meus 5 anos no Ex\u00e9rcito muito aprendizado foi adquirido, entre eles a experi\u00eancia de trabalhar 4 anos como auxiliar de Rela\u00e7\u00f5es P\u00fablicas, apresentador e palestrante sobre o Brasil na Segunda Guerra Mundial, zelador e apresentador do acervo militar da FEB.<\/div><div>Contudo, no Ex\u00e9rcito foi onde descobri minha voca\u00e7\u00e3o para com a fotografia, onde iniciei as atividades fotogr\u00e1ficas e o entusiasmo pela arte.<\/div><div>Em 2011 tendo minha dispensa militar, iniciei os estudos para ent\u00e3o ser o fot\u00f3grafo que sou hoje, e que por motivos de uma melhoria e evolu\u00e7\u00e3o, s\u00e3o estudos que nunca ir\u00e3o parar.<\/div><div>Com voc\u00eas eu deixo parte de minha hist\u00f3ria contada por hist\u00f3rias de outras pessoas e que o amor adquirido durante estes momentos seja m\u00fatuo. Espero que gostem.<\/div><p><img decoding=\"async\" class=\"sign\" src=\"https:\/\/shtheme.org\/demosd\/jopho\/wp-content\/uploads\/2021\/07\/sign.png\" alt=\"\" \/><\/p>\t\t\t\t\t\t\t\t<\/div>\n\t\t\t\t<\/div>\n\t\t\t\t\t<\/div>\n\t\t<\/div>\n\t\t\t\t<div class=\"elementor-column elementor-col-33 elementor-top-column elementor-element elementor-element-284fa64\" data-id=\"284fa64\" data-element_type=\"column\">\n\t\t\t<div class=\"elementor-widget-wrap elementor-element-populated\">\n\t\t\t\t\t\t<div class=\"elementor-element elementor-element-bf822c0 elementor-widget elementor-widget-image\" data-id=\"bf822c0\" data-element_type=\"widget\" data-widget_type=\"image.default\">\n\t\t\t\t<div class=\"elementor-widget-container\">\n\t\t\t\t\t\t\t\t\t\t\t\t\t\t\t<img fetchpriority=\"high\" decoding=\"async\" width=\"870\" height=\"1024\" src=\"https:\/\/photocan.makkomkt.com.br\/wp-content\/uploads\/2022\/07\/retrato4.jpg\" class=\"attachment-large size-large wp-image-717\" alt=\"\" srcset=\"https:\/\/photocan.makkomkt.com.br\/wp-content\/uploads\/2022\/07\/retrato4.jpg 870w, https:\/\/photocan.makkomkt.com.br\/wp-content\/uploads\/2022\/07\/retrato4-255x300.jpg 255w, https:\/\/photocan.makkomkt.com.br\/wp-content\/uploads\/2022\/07\/retrato4-768x904.jpg 768w\" sizes=\"(max-width: 870px) 100vw, 870px\" \/>\t\t\t\t\t\t\t\t\t\t\t\t\t\t\t<\/div>\n\t\t\t\t<\/div>\n\t\t\t\t\t<\/div>\n\t\t<\/div>\n\t\t\t\t\t<\/div>\n\t\t<\/section>\n\t\t\t\t<section class=\"elementor-section elementor-top-section elementor-element elementor-element-4629cdd elementor-section-height-min-height elementor-section-boxed elementor-section-height-default elementor-section-items-middle\" data-id=\"4629cdd\" data-element_type=\"section\" data-settings=\"{&quot;background_background&quot;:&quot;classic&quot;}\">\n\t\t\t\t\t\t<div class=\"elementor-container elementor-column-gap-default\">\n\t\t\t\t\t<div class=\"elementor-column elementor-col-100 elementor-top-column elementor-element elementor-element-3cc5b19\" data-id=\"3cc5b19\" data-element_type=\"column\">\n\t\t\t<div class=\"elementor-widget-wrap elementor-element-populated\">\n\t\t\t\t\t\t<div class=\"elementor-element elementor-element-764fa82 elementor-widget elementor-widget-heading\" data-id=\"764fa82\" data-element_type=\"widget\" data-widget_type=\"heading.default\">\n\t\t\t\t<div class=\"elementor-widget-container\">\n\t\t\t\t\t<h2 class=\"elementor-heading-title elementor-size-default\">DEPOIMENTOS<\/h2>\t\t\t\t<\/div>\n\t\t\t\t<\/div>\n\t\t\t\t\t<\/div>\n\t\t<\/div>\n\t\t\t\t\t<\/div>\n\t\t<\/section>\n\t\t\t\t<section class=\"elementor-section elementor-top-section elementor-element elementor-element-a7e350e elementor-section-boxed elementor-section-height-default elementor-section-height-default\" data-id=\"a7e350e\" data-element_type=\"section\">\n\t\t\t\t\t\t<div class=\"elementor-container elementor-column-gap-default\">\n\t\t\t\t\t<div class=\"elementor-column elementor-col-100 elementor-top-column elementor-element elementor-element-1a05f86\" data-id=\"1a05f86\" data-element_type=\"column\">\n\t\t\t<div class=\"elementor-widget-wrap elementor-element-populated\">\n\t\t\t\t\t\t<div class=\"elementor-element elementor-element-bd4d76e elementor-align-left elementor-widget elementor-widget-bdevs-team\" data-id=\"bd4d76e\" data-element_type=\"widget\" data-widget_type=\"bdevs-team.default\">\n\t\t\t\t<div class=\"elementor-widget-container\">\n\t\t\t\t\t\t\t<!-- Team -->\r\n\t    <section class=\"team section-padding\">\r\n\t        <div class=\"container\">\r\n\t            <div class=\"row\">\r\n\t                <div class=\"col-md-12 mb-30\">\r\n\t                    \t                    <span class=\"section-subtitle\">SENIOR<\/span>\r\n\t                \t\t                    \t                    <h2 class=\"section-title\">NOSSO TIME<\/h2>\r\n\t                    \t                <\/div>\r\n\t            <\/div>\r\n\t            <div class=\"row\">\r\n\t                <div class=\"col-md-12 owl-carousel owl-theme animate-box\" data-animate-effect=\"fadeInUp\">\r\n\t                \t \r\n\t                    <div class=\"item\">\r\n\t                        <div class=\"img\"> <img decoding=\"async\" src=\"https:\/\/photocan.makkomkt.com.br\/wp-content\/uploads\/2022\/07\/retrato2.jpg\" alt=\"\"> <\/div>\r\n\t                        <div class=\"info\">\r\n\t                            <h6>Name<\/h6>\r\n\t                            <p>Information<\/p>\r\n\t                            <div class=\"social valign\">\r\n\t                                <div class=\"full-width\">\r\n\t                                    <p>Email@.com<\/p> \r\n\t                                    \t                                    <a href=\"#\"><i class=\"ti-facebook\"><\/i><\/a> \r\n\t                                    \t                                    \t                                    <a href=\"#\"><i class=\"ti-twitter-alt\"><\/i><\/a>\r\n\t                                     \r\n\t                                    \t                                    <a href=\"#\"><i class=\"ti-instagram\"><\/i><\/a>\r\n\t                                    \t                                <\/div>\r\n\t                            <\/div>\r\n\t                        <\/div>\r\n\t                    <\/div>\r\n\t                     \r\n\t                    <div class=\"item\">\r\n\t                        <div class=\"img\"> <img decoding=\"async\" src=\"https:\/\/photocan.makkomkt.com.br\/wp-content\/uploads\/2022\/07\/retrato4.jpg\" alt=\"\"> <\/div>\r\n\t                        <div class=\"info\">\r\n\t                            <h6>Name<\/h6>\r\n\t                            <p>Information<\/p>\r\n\t                            <div class=\"social valign\">\r\n\t                                <div class=\"full-width\">\r\n\t                                    <p>Email@.com<\/p> \r\n\t                                    \t                                    <a href=\"#\"><i class=\"ti-facebook\"><\/i><\/a> \r\n\t                                    \t                                    \t                                    <a href=\"#\"><i class=\"ti-twitter-alt\"><\/i><\/a>\r\n\t                                     \r\n\t                                    \t                                    <a href=\"#\"><i class=\"ti-instagram\"><\/i><\/a>\r\n\t                                    \t                                <\/div>\r\n\t                            <\/div>\r\n\t                        <\/div>\r\n\t                    <\/div>\r\n\t                    \t                <\/div>\r\n\t            <\/div>\r\n\t        <\/div>\r\n\t    <\/section>\r\n\t\t\t\t\t<\/div>\n\t\t\t\t<\/div>\n\t\t\t\t\t<\/div>\n\t\t<\/div>\n\t\t\t\t\t<\/div>\n\t\t<\/section>\n\t\t\t\t<\/div>\n\t\t","protected":false},"excerpt":{"rendered":"<p>Chamo-me Joel Santos, nascido em S\u00e3o Paulo em 1988 de fam\u00edlia simples e de cria\u00e7\u00e3o Crist\u00e3 protestante. Desde crian\u00e7a j\u00e1 envolvido com a arte desenhando quadrinhos e estudando m\u00fasica. Aos 17 anos me inscrevi para o servi\u00e7o militar nas fileiras do Ex\u00e9rcito Brasileiro &#8220;uma fase chave para o amadurecimento e aprendizado de todo jovem maior [&hellip;]<\/p>\n","protected":false},"author":1,"featured_media":0,"parent":0,"menu_order":0,"comment_status":"closed","ping_status":"closed","template":"page-templates\/page-dark-sidebar.php","meta":{"om_disable_all_campaigns":false,"_monsterinsights_skip_tracking":false,"_monsterinsights_sitenote_active":false,"_monsterinsights_sitenote_note":"","_monsterinsights_sitenote_category":0,"footnotes":""},"class_list":["post-551","page","type-page","status-publish","hentry"],"_links":{"self":[{"href":"https:\/\/photocan.makkomkt.com.br\/index.php\/wp-json\/wp\/v2\/pages\/551","targetHints":{"allow":["GET"]}}],"collection":[{"href":"https:\/\/photocan.makkomkt.com.br\/index.php\/wp-json\/wp\/v2\/pages"}],"about":[{"href":"https:\/\/photocan.makkomkt.com.br\/index.php\/wp-json\/wp\/v2\/types\/page"}],"author":[{"embeddable":true,"href":"https:\/\/photocan.makkomkt.com.br\/index.php\/wp-json\/wp\/v2\/users\/1"}],"replies":[{"embeddable":true,"href":"https:\/\/photocan.makkomkt.com.br\/index.php\/wp-json\/wp\/v2\/comments?post=551"}],"version-history":[{"count":0,"href":"https:\/\/photocan.makkomkt.com.br\/index.php\/wp-json\/wp\/v2\/pages\/551\/revisions"}],"wp:attachment":[{"href":"https:\/\/photocan.makkomkt.com.br\/index.php\/wp-json\/wp\/v2\/media?parent=551"}],"curies":[{"name":"wp","href":"https:\/\/api.w.org\/{rel}","templated":true}]}}