{"id":318,"date":"2022-07-02T01:44:20","date_gmt":"2022-07-02T01:44:20","guid":{"rendered":"https:\/\/photocan.makkomkt.com.br\/?page_id=318"},"modified":"2022-07-03T03:02:34","modified_gmt":"2022-07-03T03:02:34","slug":"servicos","status":"publish","type":"page","link":"https:\/\/photocan.makkomkt.com.br\/index.php\/servicos\/","title":{"rendered":"SERVI\u00c7OS"},"content":{"rendered":"\t\t<div data-elementor-type=\"wp-page\" data-elementor-id=\"318\" class=\"elementor elementor-318\" data-elementor-post-type=\"page\">\n\t\t\t\t\t\t<section class=\"elementor-section elementor-top-section elementor-element elementor-element-9d9d084 elementor-section-full_width elementor-section-height-min-height elementor-section-items-stretch elementor-section-height-default\" data-id=\"9d9d084\" data-element_type=\"section\" data-settings=\"{&quot;background_background&quot;:&quot;classic&quot;,&quot;background_motion_fx_motion_fx_scrolling&quot;:&quot;yes&quot;,&quot;background_motion_fx_opacity_effect&quot;:&quot;yes&quot;,&quot;shape_divider_bottom&quot;:&quot;opacity-fan&quot;,&quot;background_motion_fx_opacity_direction&quot;:&quot;in-out-in&quot;,&quot;background_motion_fx_opacity_level&quot;:{&quot;unit&quot;:&quot;px&quot;,&quot;size&quot;:7.8,&quot;sizes&quot;:[]},&quot;background_motion_fx_opacity_range&quot;:{&quot;unit&quot;:&quot;%&quot;,&quot;size&quot;:&quot;&quot;,&quot;sizes&quot;:{&quot;start&quot;:0,&quot;end&quot;:59}},&quot;background_motion_fx_range&quot;:&quot;page&quot;,&quot;background_motion_fx_devices&quot;:[&quot;desktop&quot;,&quot;tablet&quot;,&quot;mobile&quot;]}\">\n\t\t\t\t\t\t\t<div class=\"elementor-background-overlay\"><\/div>\n\t\t\t\t\t\t<div class=\"elementor-shape elementor-shape-bottom\" aria-hidden=\"true\" data-negative=\"false\">\n\t\t\t<svg xmlns=\"http:\/\/www.w3.org\/2000\/svg\" viewBox=\"0 0 283.5 19.6\" preserveAspectRatio=\"none\">\n\t<path class=\"elementor-shape-fill\" style=\"opacity:0.33\" d=\"M0 0L0 18.8 141.8 4.1 283.5 18.8 283.5 0z\"\/>\n\t<path class=\"elementor-shape-fill\" style=\"opacity:0.33\" d=\"M0 0L0 12.6 141.8 4 283.5 12.6 283.5 0z\"\/>\n\t<path class=\"elementor-shape-fill\" style=\"opacity:0.33\" d=\"M0 0L0 6.4 141.8 4 283.5 6.4 283.5 0z\"\/>\n\t<path class=\"elementor-shape-fill\" d=\"M0 0L0 1.2 141.8 4 283.5 1.2 283.5 0z\"\/>\n<\/svg>\t\t<\/div>\n\t\t\t\t\t<div class=\"elementor-container elementor-column-gap-no\">\n\t\t\t\t\t<div class=\"elementor-column elementor-col-100 elementor-top-column elementor-element elementor-element-93d5b8c\" data-id=\"93d5b8c\" data-element_type=\"column\" data-settings=\"{&quot;background_background&quot;:&quot;classic&quot;}\">\n\t\t\t<div class=\"elementor-widget-wrap\">\n\t\t\t\t\t\t\t<\/div>\n\t\t<\/div>\n\t\t\t\t\t<\/div>\n\t\t<\/section>\n\t\t\t\t<section class=\"elementor-section elementor-top-section elementor-element elementor-element-d37fe1c elementor-section-boxed elementor-section-height-default elementor-section-height-default\" data-id=\"d37fe1c\" data-element_type=\"section\">\n\t\t\t\t\t\t<div class=\"elementor-container elementor-column-gap-default\">\n\t\t\t\t\t<div class=\"elementor-column elementor-col-100 elementor-top-column elementor-element elementor-element-637f4d1\" data-id=\"637f4d1\" data-element_type=\"column\">\n\t\t\t<div class=\"elementor-widget-wrap\">\n\t\t\t\t\t\t\t<\/div>\n\t\t<\/div>\n\t\t\t\t\t<\/div>\n\t\t<\/section>\n\t\t\t\t<section class=\"elementor-section elementor-top-section elementor-element elementor-element-7cfab1f elementor-section-boxed elementor-section-height-default elementor-section-height-default\" data-id=\"7cfab1f\" data-element_type=\"section\">\n\t\t\t\t\t\t<div class=\"elementor-container elementor-column-gap-default\">\n\t\t\t\t\t<div class=\"elementor-column elementor-col-100 elementor-top-column elementor-element elementor-element-cda8464\" data-id=\"cda8464\" data-element_type=\"column\">\n\t\t\t<div class=\"elementor-widget-wrap elementor-element-populated\">\n\t\t\t\t\t\t<div class=\"elementor-element elementor-element-9608cb5 elementor-widget elementor-widget-heading\" data-id=\"9608cb5\" data-element_type=\"widget\" data-widget_type=\"heading.default\">\n\t\t\t\t<div class=\"elementor-widget-container\">\n\t\t\t\t\t<h2 class=\"elementor-heading-title elementor-size-default\">SE INTERESSOU EM NOSSOS SERVI\u00c7OS?<\/h2>\t\t\t\t<\/div>\n\t\t\t\t<\/div>\n\t\t\t\t\t<\/div>\n\t\t<\/div>\n\t\t\t\t\t<\/div>\n\t\t<\/section>\n\t\t\t\t<section class=\"elementor-section elementor-top-section elementor-element elementor-element-1f52f56 elementor-section-boxed elementor-section-height-default elementor-section-height-default\" data-id=\"1f52f56\" data-element_type=\"section\">\n\t\t\t\t\t\t<div class=\"elementor-container elementor-column-gap-default\">\n\t\t\t\t\t<div class=\"elementor-column elementor-col-100 elementor-top-column elementor-element elementor-element-91316d9\" data-id=\"91316d9\" data-element_type=\"column\">\n\t\t\t<div class=\"elementor-widget-wrap elementor-element-populated\">\n\t\t\t\t\t\t<div class=\"elementor-element elementor-element-af23d30 elementor-align-center elementor-widget elementor-widget-button\" data-id=\"af23d30\" data-element_type=\"widget\" data-widget_type=\"button.default\">\n\t\t\t\t<div class=\"elementor-widget-container\">\n\t\t\t\t\t\t\t\t\t<div class=\"elementor-button-wrapper\">\n\t\t\t\t\t<a class=\"elementor-button elementor-button-link elementor-size-sm\" href=\"#\" id=\"botaogd\">\n\t\t\t\t\t\t<span class=\"elementor-button-content-wrapper\">\n\t\t\t\t\t\t\t\t\t<span class=\"elementor-button-text\">ENTRAR EM CONTATO<\/span>\n\t\t\t\t\t<\/span>\n\t\t\t\t\t<\/a>\n\t\t\t\t<\/div>\n\t\t\t\t\t\t\t\t<\/div>\n\t\t\t\t<\/div>\n\t\t\t\t<div class=\"elementor-element elementor-element-313f182 elementor-align-left elementor-widget elementor-widget-bdevs-services-02\" data-id=\"313f182\" data-element_type=\"widget\" data-widget_type=\"bdevs-services-02.default\">\n\t\t\t\t<div class=\"elementor-widget-container\">\n\t\t\t\t\t\t\t<!-- Services -->\r\n\t    <section class=\"proto-services section-padding mb-60\">\r\n\t        <div class=\"container\">\r\n\t            <div class=\"row\">\r\n\t                <div class=\"col-md-12 mb-30\">\r\n\t                    \t                    <span class=\"section-subtitle\">O Que n\u00f3s fazemos<\/span>\r\n\t                \t\t                    \t                    <h2 class=\"section-title\">Servi\u00e7os<\/h2>\r\n\t                    \t                <\/div>\r\n\t            <\/div>\r\n\t            <div class=\"row\">\r\n\t                <div class=\"col-md-12\">\r\n\t                    <div class=\"owl-carousel owl-theme\">\r\n\t                    \t \r\n\t                        <div class=\"services-con\">\r\n\t                            <div class=\"services-title\">\r\n\t                                <h4>Casamento<\/h4>\r\n\t                            <\/div> \r\n\t                            <img decoding=\"async\" src=\"https:\/\/photocan.makkomkt.com.br\/wp-content\/uploads\/2022\/07\/wedding.jpg\" alt=\"\" \/>\r\n\t                            <a href=\"#\"><\/a>\r\n\t                        <\/div>\r\n\t                         \r\n\t                        <div class=\"services-con\">\r\n\t                            <div class=\"services-title\">\r\n\t                                <h4>Tem\u00e1tico<\/h4>\r\n\t                            <\/div> \r\n\t                            <img decoding=\"async\" src=\"https:\/\/photocan.makkomkt.com.br\/wp-content\/uploads\/2022\/07\/Sem-Titulo-1.jpg\" alt=\"\" \/>\r\n\t                            <a href=\"#\"><\/a>\r\n\t                        <\/div>\r\n\t                         \r\n\t                        <div class=\"services-con\">\r\n\t                            <div class=\"services-title\">\r\n\t                                <h4>Retrato<\/h4>\r\n\t                            <\/div> \r\n\t                            <img decoding=\"async\" src=\"https:\/\/photocan.makkomkt.com.br\/wp-content\/uploads\/2022\/07\/retrato2.jpg\" alt=\"\" \/>\r\n\t                            <a href=\"#\"><\/a>\r\n\t                        <\/div>\r\n\t                        \t                    <\/div>\r\n\t                <\/div>\r\n\t            <\/div>\r\n\t        <\/div>\r\n\t    <\/section>\r\n\t\t\t\t\t<\/div>\n\t\t\t\t<\/div>\n\t\t\t\t\t<\/div>\n\t\t<\/div>\n\t\t\t\t\t<\/div>\n\t\t<\/section>\n\t\t\t\t<\/div>\n\t\t","protected":false},"excerpt":{"rendered":"<p>SE INTERESSOU EM NOSSOS SERVI\u00c7OS? ENTRAR EM CONTATO O Que n\u00f3s fazemos Servi\u00e7os Casamento Tem\u00e1tico Retrato<\/p>\n","protected":false},"author":1,"featured_media":267,"parent":0,"menu_order":0,"comment_status":"closed","ping_status":"closed","template":"page-templates\/page-dark-sidebar.php","meta":{"om_disable_all_campaigns":false,"_monsterinsights_skip_tracking":false,"_monsterinsights_sitenote_active":false,"_monsterinsights_sitenote_note":"","_monsterinsights_sitenote_category":0,"footnotes":""},"class_list":["post-318","page","type-page","status-publish","has-post-thumbnail","hentry"],"_links":{"self":[{"href":"https:\/\/photocan.makkomkt.com.br\/index.php\/wp-json\/wp\/v2\/pages\/318","targetHints":{"allow":["GET"]}}],"collection":[{"href":"https:\/\/photocan.makkomkt.com.br\/index.php\/wp-json\/wp\/v2\/pages"}],"about":[{"href":"https:\/\/photocan.makkomkt.com.br\/index.php\/wp-json\/wp\/v2\/types\/page"}],"author":[{"embeddable":true,"href":"https:\/\/photocan.makkomkt.com.br\/index.php\/wp-json\/wp\/v2\/users\/1"}],"replies":[{"embeddable":true,"href":"https:\/\/photocan.makkomkt.com.br\/index.php\/wp-json\/wp\/v2\/comments?post=318"}],"version-history":[{"count":0,"href":"https:\/\/photocan.makkomkt.com.br\/index.php\/wp-json\/wp\/v2\/pages\/318\/revisions"}],"wp:featuredmedia":[{"embeddable":true,"href":"https:\/\/photocan.makkomkt.com.br\/index.php\/wp-json\/wp\/v2\/media\/267"}],"wp:attachment":[{"href":"https:\/\/photocan.makkomkt.com.br\/index.php\/wp-json\/wp\/v2\/media?parent=318"}],"curies":[{"name":"wp","href":"https:\/\/api.w.org\/{rel}","templated":true}]}}